{"id":9189,"date":"2025-02-05T09:40:48","date_gmt":"2025-02-05T08:40:48","guid":{"rendered":"https:\/\/www.sams-industrie.fr\/product\/embout-porte-brosse-reference-decoupeur\/"},"modified":"2025-02-19T11:42:01","modified_gmt":"2025-02-19T10:42:01","slug":"embout-porte-brosse-reference-decoupeur","status":"publish","type":"product","link":"https:\/\/www.sams-industrie.fr\/en\/product\/embout-porte-brosse-reference-decoupeur\/","title":{"rendered":"Brush holder tip<br> Reference 500-415-027"},"content":{"rendered":"","protected":false},"excerpt":{"rendered":"<p>RAPIDEX RAPIDLINE 16<br \/> R\u00e9f\u00e9rence constructeur : 500-415-027<br \/> R\u00e9f\u00e9rences \u00e9quivalentes : 500415027 \/ M500415027 \/ RAP500415027<\/p>","protected":false},"featured_media":0,"comment_status":"open","ping_status":"closed","template":"","meta":[],"_links":{"self":[{"href":"https:\/\/www.sams-industrie.fr\/en\/wp-json\/wp\/v2\/product\/9189"}],"collection":[{"href":"https:\/\/www.sams-industrie.fr\/en\/wp-json\/wp\/v2\/product"}],"about":[{"href":"https:\/\/www.sams-industrie.fr\/en\/wp-json\/wp\/v2\/types\/product"}],"replies":[{"embeddable":true,"href":"https:\/\/www.sams-industrie.fr\/en\/wp-json\/wp\/v2\/comments?post=9189"}],"wp:attachment":[{"href":"https:\/\/www.sams-industrie.fr\/en\/wp-json\/wp\/v2\/media?parent=9189"}],"curies":[{"name":"wp","href":"https:\/\/api.w.org\/{rel}","templated":true}]}}