{"id":9187,"date":"2025-02-05T09:40:47","date_gmt":"2025-02-05T08:40:47","guid":{"rendered":"https:\/\/www.sams-industrie.fr\/product\/pignon-roue-motrice-transversale-reference-decoupeur\/"},"modified":"2025-02-19T11:42:00","modified_gmt":"2025-02-19T10:42:00","slug":"pignon-roue-motrice-transversale-reference-decoupeur","status":"publish","type":"product","link":"https:\/\/www.sams-industrie.fr\/en\/product\/pignon-roue-motrice-transversale-reference-decoupeur\/","title":{"rendered":"Cross drive wheel pinion<br> Reference 500-404-008"},"content":{"rendered":"","protected":false},"excerpt":{"rendered":"<p>RAPIDEX RAPIDLINE 16<br \/> R\u00e9f\u00e9rence constructeur : 500-404-008<br \/> R\u00e9f\u00e9rences \u00e9quivalentes : 500404008 \/ M500404008 \/ RAP500404008<\/p>","protected":false},"featured_media":0,"comment_status":"open","ping_status":"closed","template":"","meta":[],"_links":{"self":[{"href":"https:\/\/www.sams-industrie.fr\/en\/wp-json\/wp\/v2\/product\/9187"}],"collection":[{"href":"https:\/\/www.sams-industrie.fr\/en\/wp-json\/wp\/v2\/product"}],"about":[{"href":"https:\/\/www.sams-industrie.fr\/en\/wp-json\/wp\/v2\/types\/product"}],"replies":[{"embeddable":true,"href":"https:\/\/www.sams-industrie.fr\/en\/wp-json\/wp\/v2\/comments?post=9187"}],"wp:attachment":[{"href":"https:\/\/www.sams-industrie.fr\/en\/wp-json\/wp\/v2\/media?parent=9187"}],"curies":[{"name":"wp","href":"https:\/\/api.w.org\/{rel}","templated":true}]}}