{"id":9185,"date":"2025-02-05T09:40:46","date_gmt":"2025-02-05T08:40:46","guid":{"rendered":"https:\/\/www.sams-industrie.fr\/product\/couvercle-reference-decoupeur\/"},"modified":"2025-02-19T11:41:58","modified_gmt":"2025-02-19T10:41:58","slug":"couvercle-reference-decoupeur","status":"publish","type":"product","link":"https:\/\/www.sams-industrie.fr\/en\/product\/couvercle-reference-decoupeur\/","title":{"rendered":"Lid<br> Reference 500-407-008"},"content":{"rendered":"","protected":false},"excerpt":{"rendered":"<p>RAPIDEX RAPIDLINE 16<br \/> R\u00e9f\u00e9rence constructeur : 500-407-008<br \/> R\u00e9f\u00e9rences \u00e9quivalentes : 500407008 \/ M500407008 \/ RAP500407008<\/p>","protected":false},"featured_media":0,"comment_status":"open","ping_status":"closed","template":"","meta":[],"_links":{"self":[{"href":"https:\/\/www.sams-industrie.fr\/en\/wp-json\/wp\/v2\/product\/9185"}],"collection":[{"href":"https:\/\/www.sams-industrie.fr\/en\/wp-json\/wp\/v2\/product"}],"about":[{"href":"https:\/\/www.sams-industrie.fr\/en\/wp-json\/wp\/v2\/types\/product"}],"replies":[{"embeddable":true,"href":"https:\/\/www.sams-industrie.fr\/en\/wp-json\/wp\/v2\/comments?post=9185"}],"wp:attachment":[{"href":"https:\/\/www.sams-industrie.fr\/en\/wp-json\/wp\/v2\/media?parent=9185"}],"curies":[{"name":"wp","href":"https:\/\/api.w.org\/{rel}","templated":true}]}}