{"id":9183,"date":"2025-02-05T09:40:45","date_gmt":"2025-02-05T08:40:45","guid":{"rendered":"https:\/\/www.sams-industrie.fr\/product\/ressort-verrouillage-automatique-reference-decoupeur\/"},"modified":"2025-02-19T11:41:57","modified_gmt":"2025-02-19T10:41:57","slug":"ressort-verrouillage-automatique-reference-decoupeur","status":"publish","type":"product","link":"https:\/\/www.sams-industrie.fr\/en\/product\/ressort-verrouillage-automatique-reference-decoupeur\/","title":{"rendered":"Automatic locking spring<br> Reference 500-406-019"},"content":{"rendered":"","protected":false},"excerpt":{"rendered":"<p>RAPIDEX RAPIDLINE 16<br \/> R\u00e9f\u00e9rence constructeur : 500-406-019<br \/> R\u00e9f\u00e9rences \u00e9quivalentes : 500406019 \/ M500406019 \/ RAP500406019<\/p>","protected":false},"featured_media":0,"comment_status":"open","ping_status":"closed","template":"","meta":[],"_links":{"self":[{"href":"https:\/\/www.sams-industrie.fr\/en\/wp-json\/wp\/v2\/product\/9183"}],"collection":[{"href":"https:\/\/www.sams-industrie.fr\/en\/wp-json\/wp\/v2\/product"}],"about":[{"href":"https:\/\/www.sams-industrie.fr\/en\/wp-json\/wp\/v2\/types\/product"}],"replies":[{"embeddable":true,"href":"https:\/\/www.sams-industrie.fr\/en\/wp-json\/wp\/v2\/comments?post=9183"}],"wp:attachment":[{"href":"https:\/\/www.sams-industrie.fr\/en\/wp-json\/wp\/v2\/media?parent=9183"}],"curies":[{"name":"wp","href":"https:\/\/api.w.org\/{rel}","templated":true}]}}