{"id":9181,"date":"2025-02-05T09:40:43","date_gmt":"2025-02-05T08:40:43","guid":{"rendered":"https:\/\/www.sams-industrie.fr\/product\/cloche-verrouillage-automatique-reference-decoupeur\/"},"modified":"2025-02-19T11:41:56","modified_gmt":"2025-02-19T10:41:56","slug":"cloche-verrouillage-automatique-reference-decoupeur","status":"publish","type":"product","link":"https:\/\/www.sams-industrie.fr\/en\/product\/cloche-verrouillage-automatique-reference-decoupeur\/","title":{"rendered":"Automatic locking bell<br> Reference 500-406-022"},"content":{"rendered":"","protected":false},"excerpt":{"rendered":"<p>RAPIDEX RAPIDLINE 16<br \/> R\u00e9f\u00e9rence constructeur : 500-406-022<br \/> R\u00e9f\u00e9rences \u00e9quivalentes : 500406022 \/ M500406022 \/ RAP500406022<\/p>","protected":false},"featured_media":0,"comment_status":"open","ping_status":"closed","template":"","meta":[],"_links":{"self":[{"href":"https:\/\/www.sams-industrie.fr\/en\/wp-json\/wp\/v2\/product\/9181"}],"collection":[{"href":"https:\/\/www.sams-industrie.fr\/en\/wp-json\/wp\/v2\/product"}],"about":[{"href":"https:\/\/www.sams-industrie.fr\/en\/wp-json\/wp\/v2\/types\/product"}],"replies":[{"embeddable":true,"href":"https:\/\/www.sams-industrie.fr\/en\/wp-json\/wp\/v2\/comments?post=9181"}],"wp:attachment":[{"href":"https:\/\/www.sams-industrie.fr\/en\/wp-json\/wp\/v2\/media?parent=9181"}],"curies":[{"name":"wp","href":"https:\/\/api.w.org\/{rel}","templated":true}]}}