{"id":8898,"date":"2025-01-24T09:32:54","date_gmt":"2025-01-24T08:32:54","guid":{"rendered":"https:\/\/www.sams-industrie.fr\/product\/arbre-intermediaire-reference-500-402-002\/"},"modified":"2025-02-19T11:41:48","modified_gmt":"2025-02-19T10:41:48","slug":"arbre-intermediaire-reference-500-402-002","status":"publish","type":"product","link":"https:\/\/www.sams-industrie.fr\/en\/product\/arbre-intermediaire-reference-500-402-002\/","title":{"rendered":"Intermediate shaft<br> Reference 500-402-002"},"content":{"rendered":"","protected":false},"excerpt":{"rendered":"<p>RAPIDEX RAPIDLINE 16<br \/> R\u00e9f\u00e9rence constructeur : 500-402-002<br \/> R\u00e9f\u00e9rences \u00e9quivalentes : 500402002 \/ M500402002 \/ RAP500402002<\/p>","protected":false},"featured_media":0,"comment_status":"open","ping_status":"closed","template":"","meta":[],"_links":{"self":[{"href":"https:\/\/www.sams-industrie.fr\/en\/wp-json\/wp\/v2\/product\/8898"}],"collection":[{"href":"https:\/\/www.sams-industrie.fr\/en\/wp-json\/wp\/v2\/product"}],"about":[{"href":"https:\/\/www.sams-industrie.fr\/en\/wp-json\/wp\/v2\/types\/product"}],"replies":[{"embeddable":true,"href":"https:\/\/www.sams-industrie.fr\/en\/wp-json\/wp\/v2\/comments?post=8898"}],"wp:attachment":[{"href":"https:\/\/www.sams-industrie.fr\/en\/wp-json\/wp\/v2\/media?parent=8898"}],"curies":[{"name":"wp","href":"https:\/\/api.w.org\/{rel}","templated":true}]}}