{"id":8896,"date":"2025-01-24T09:32:53","date_gmt":"2025-01-24T08:32:53","guid":{"rendered":"https:\/\/www.sams-industrie.fr\/product\/embout-droit-monobloc-porte-formes-reference-500-406-006\/"},"modified":"2025-02-19T11:41:47","modified_gmt":"2025-02-19T10:41:47","slug":"embout-droit-monobloc-porte-formes-reference-500-406-006","status":"publish","type":"product","link":"https:\/\/www.sams-industrie.fr\/en\/product\/embout-droit-monobloc-porte-formes-reference-500-406-006\/","title":{"rendered":"One-piece straight end piece for form holders<br> Reference 500-406-006"},"content":{"rendered":"","protected":false},"excerpt":{"rendered":"<p>RAPIDEX RAPIDLINE 16<br \/> R\u00e9f\u00e9rence constructeur : 500-406-006<br \/> R\u00e9f\u00e9rences \u00e9quivalentes : 500406006 \/ M500406006 \/ RAP500406006<\/p>","protected":false},"featured_media":0,"comment_status":"open","ping_status":"closed","template":"","meta":[],"_links":{"self":[{"href":"https:\/\/www.sams-industrie.fr\/en\/wp-json\/wp\/v2\/product\/8896"}],"collection":[{"href":"https:\/\/www.sams-industrie.fr\/en\/wp-json\/wp\/v2\/product"}],"about":[{"href":"https:\/\/www.sams-industrie.fr\/en\/wp-json\/wp\/v2\/types\/product"}],"replies":[{"embeddable":true,"href":"https:\/\/www.sams-industrie.fr\/en\/wp-json\/wp\/v2\/comments?post=8896"}],"wp:attachment":[{"href":"https:\/\/www.sams-industrie.fr\/en\/wp-json\/wp\/v2\/media?parent=8896"}],"curies":[{"name":"wp","href":"https:\/\/api.w.org\/{rel}","templated":true}]}}