{"id":8894,"date":"2025-01-24T09:32:52","date_gmt":"2025-01-24T08:32:52","guid":{"rendered":"https:\/\/www.sams-industrie.fr\/product\/entretoise-excentree-gauche-reference-200-407-054\/"},"modified":"2026-02-24T14:13:19","modified_gmt":"2026-02-24T13:13:19","slug":"entretoise-excentree-gauche-reference-200-407-054","status":"publish","type":"product","link":"https:\/\/www.sams-industrie.fr\/en\/product\/entretoise-excentree-gauche-reference-200-407-054\/","title":{"rendered":"Left eccentric spacer<br> Reference 200-407-054"},"content":{"rendered":"","protected":false},"excerpt":{"rendered":"<p>RAPIDEX RAPIDLINE 16<br \/>\nR\u00e9f\u00e9rence constructeur : 200-407-054<br \/>\nR\u00e9f\u00e9rences \u00e9quivalentes : 200407054 \/ M200407054 \/ RAP200407054<\/p>","protected":false},"featured_media":11770,"comment_status":"open","ping_status":"closed","template":"","meta":[],"_links":{"self":[{"href":"https:\/\/www.sams-industrie.fr\/en\/wp-json\/wp\/v2\/product\/8894"}],"collection":[{"href":"https:\/\/www.sams-industrie.fr\/en\/wp-json\/wp\/v2\/product"}],"about":[{"href":"https:\/\/www.sams-industrie.fr\/en\/wp-json\/wp\/v2\/types\/product"}],"replies":[{"embeddable":true,"href":"https:\/\/www.sams-industrie.fr\/en\/wp-json\/wp\/v2\/comments?post=8894"}],"wp:featuredmedia":[{"embeddable":true,"href":"https:\/\/www.sams-industrie.fr\/en\/wp-json\/wp\/v2\/media\/11770"}],"wp:attachment":[{"href":"https:\/\/www.sams-industrie.fr\/en\/wp-json\/wp\/v2\/media?parent=8894"}],"curies":[{"name":"wp","href":"https:\/\/api.w.org\/{rel}","templated":true}]}}