{"id":8893,"date":"2025-01-24T09:32:52","date_gmt":"2025-01-24T08:32:52","guid":{"rendered":"https:\/\/www.sams-industrie.fr\/product\/entretoise-de-pignon-reference-200-407-055\/"},"modified":"2025-04-17T16:06:04","modified_gmt":"2025-04-17T14:06:04","slug":"entretoise-de-pignon-reference-200-407-055","status":"publish","type":"product","link":"https:\/\/www.sams-industrie.fr\/en\/product\/entretoise-de-pignon-reference-200-407-055\/","title":{"rendered":"Pinion spacer<br> Reference 200-407-055"},"content":{"rendered":"","protected":false},"excerpt":{"rendered":"<p>RAPIDEX RAPIDLINE 16<br \/>\nR\u00e9f\u00e9rence constructeur : 200-407-055<br \/>\nR\u00e9f\u00e9rences \u00e9quivalentes : 200407055 \/ M200407055 \/ RAP200407055<\/p>","protected":false},"featured_media":11331,"comment_status":"open","ping_status":"closed","template":"","meta":[],"_links":{"self":[{"href":"https:\/\/www.sams-industrie.fr\/en\/wp-json\/wp\/v2\/product\/8893"}],"collection":[{"href":"https:\/\/www.sams-industrie.fr\/en\/wp-json\/wp\/v2\/product"}],"about":[{"href":"https:\/\/www.sams-industrie.fr\/en\/wp-json\/wp\/v2\/types\/product"}],"replies":[{"embeddable":true,"href":"https:\/\/www.sams-industrie.fr\/en\/wp-json\/wp\/v2\/comments?post=8893"}],"wp:featuredmedia":[{"embeddable":true,"href":"https:\/\/www.sams-industrie.fr\/en\/wp-json\/wp\/v2\/media\/11331"}],"wp:attachment":[{"href":"https:\/\/www.sams-industrie.fr\/en\/wp-json\/wp\/v2\/media?parent=8893"}],"curies":[{"name":"wp","href":"https:\/\/api.w.org\/{rel}","templated":true}]}}