{"id":8892,"date":"2025-01-24T09:32:51","date_gmt":"2025-01-24T08:32:51","guid":{"rendered":"https:\/\/www.sams-industrie.fr\/product\/entretoise-excentree-reference-500-407-009\/"},"modified":"2026-02-24T14:11:24","modified_gmt":"2026-02-24T13:11:24","slug":"entretoise-excentree-reference-500-407-009","status":"publish","type":"product","link":"https:\/\/www.sams-industrie.fr\/en\/product\/entretoise-excentree-reference-500-407-009\/","title":{"rendered":"Offset spacer<br> Reference 500-407-009"},"content":{"rendered":"","protected":false},"excerpt":{"rendered":"<p>RAPIDEX RAPIDLINE 16<br \/>\nR\u00e9f\u00e9rence constructeur : 500-407-009<br \/>\nR\u00e9f\u00e9rences \u00e9quivalentes : 500407009 \/ M500407009 \/ RAP500407009<\/p>","protected":false},"featured_media":11769,"comment_status":"open","ping_status":"closed","template":"","meta":[],"_links":{"self":[{"href":"https:\/\/www.sams-industrie.fr\/en\/wp-json\/wp\/v2\/product\/8892"}],"collection":[{"href":"https:\/\/www.sams-industrie.fr\/en\/wp-json\/wp\/v2\/product"}],"about":[{"href":"https:\/\/www.sams-industrie.fr\/en\/wp-json\/wp\/v2\/types\/product"}],"replies":[{"embeddable":true,"href":"https:\/\/www.sams-industrie.fr\/en\/wp-json\/wp\/v2\/comments?post=8892"}],"wp:featuredmedia":[{"embeddable":true,"href":"https:\/\/www.sams-industrie.fr\/en\/wp-json\/wp\/v2\/media\/11769"}],"wp:attachment":[{"href":"https:\/\/www.sams-industrie.fr\/en\/wp-json\/wp\/v2\/media?parent=8892"}],"curies":[{"name":"wp","href":"https:\/\/api.w.org\/{rel}","templated":true}]}}