{"id":8890,"date":"2025-01-24T09:32:50","date_gmt":"2025-01-24T08:32:50","guid":{"rendered":"https:\/\/www.sams-industrie.fr\/product\/pignon-de-baladage-reference-200-407-052\/"},"modified":"2026-02-24T14:09:00","modified_gmt":"2026-02-24T13:09:00","slug":"pignon-de-baladage-reference-200-407-052","status":"publish","type":"product","link":"https:\/\/www.sams-industrie.fr\/en\/product\/pignon-de-baladage-reference-200-407-052\/","title":{"rendered":"Walking gable<br> Reference 200-407-052"},"content":{"rendered":"","protected":false},"excerpt":{"rendered":"<p>RAPIDEX RAPIDLINE 16<br \/>\nR\u00e9f\u00e9rence constructeur : 200-407-052<br \/>\nR\u00e9f\u00e9rences \u00e9quivalentes : 200407052 \/ M200407052 \/ RAP200407052<\/p>","protected":false},"featured_media":11768,"comment_status":"open","ping_status":"closed","template":"","meta":[],"_links":{"self":[{"href":"https:\/\/www.sams-industrie.fr\/en\/wp-json\/wp\/v2\/product\/8890"}],"collection":[{"href":"https:\/\/www.sams-industrie.fr\/en\/wp-json\/wp\/v2\/product"}],"about":[{"href":"https:\/\/www.sams-industrie.fr\/en\/wp-json\/wp\/v2\/types\/product"}],"replies":[{"embeddable":true,"href":"https:\/\/www.sams-industrie.fr\/en\/wp-json\/wp\/v2\/comments?post=8890"}],"wp:featuredmedia":[{"embeddable":true,"href":"https:\/\/www.sams-industrie.fr\/en\/wp-json\/wp\/v2\/media\/11768"}],"wp:attachment":[{"href":"https:\/\/www.sams-industrie.fr\/en\/wp-json\/wp\/v2\/media?parent=8890"}],"curies":[{"name":"wp","href":"https:\/\/api.w.org\/{rel}","templated":true}]}}