{"id":8888,"date":"2025-01-24T09:32:49","date_gmt":"2025-01-24T08:32:49","guid":{"rendered":"https:\/\/www.sams-industrie.fr\/product\/cylindre-decoupeur-reference-500-406-001\/"},"modified":"2025-02-19T11:41:41","modified_gmt":"2025-02-19T10:41:41","slug":"cylindre-decoupeur-reference-500-406-001","status":"publish","type":"product","link":"https:\/\/www.sams-industrie.fr\/en\/product\/cylindre-decoupeur-reference-500-406-001\/","title":{"rendered":"Cutting cylinder<br> Reference 500-406-001"},"content":{"rendered":"","protected":false},"excerpt":{"rendered":"<p>RAPIDEX RAPIDLINE 16<br \/> R\u00e9f\u00e9rence constructeur : 500-406-001<br \/> R\u00e9f\u00e9rences \u00e9quivalentes : 500406001 \/ M500406001 \/ RAP500406001<\/p>","protected":false},"featured_media":0,"comment_status":"open","ping_status":"closed","template":"","meta":[],"_links":{"self":[{"href":"https:\/\/www.sams-industrie.fr\/en\/wp-json\/wp\/v2\/product\/8888"}],"collection":[{"href":"https:\/\/www.sams-industrie.fr\/en\/wp-json\/wp\/v2\/product"}],"about":[{"href":"https:\/\/www.sams-industrie.fr\/en\/wp-json\/wp\/v2\/types\/product"}],"replies":[{"embeddable":true,"href":"https:\/\/www.sams-industrie.fr\/en\/wp-json\/wp\/v2\/comments?post=8888"}],"wp:attachment":[{"href":"https:\/\/www.sams-industrie.fr\/en\/wp-json\/wp\/v2\/media?parent=8888"}],"curies":[{"name":"wp","href":"https:\/\/api.w.org\/{rel}","templated":true}]}}