{"id":8887,"date":"2025-01-24T09:32:48","date_gmt":"2025-01-24T08:32:48","guid":{"rendered":"https:\/\/www.sams-industrie.fr\/product\/soupape-verrouillage-automatique-reference-500-406-016\/"},"modified":"2025-02-19T11:41:41","modified_gmt":"2025-02-19T10:41:41","slug":"soupape-verrouillage-automatique-reference-500-406-016","status":"publish","type":"product","link":"https:\/\/www.sams-industrie.fr\/en\/product\/soupape-verrouillage-automatique-reference-500-406-016\/","title":{"rendered":"Automatic locking valve<br> Reference 500-406-016"},"content":{"rendered":"","protected":false},"excerpt":{"rendered":"<p>RAPIDEX RAPIDLINE 16<br \/> R\u00e9f\u00e9rence constructeur : 500-406-016<br \/> R\u00e9f\u00e9rences \u00e9quivalentes : 500406016 \/ M500406016 \/ RAP500406016<\/p>","protected":false},"featured_media":0,"comment_status":"open","ping_status":"closed","template":"","meta":[],"_links":{"self":[{"href":"https:\/\/www.sams-industrie.fr\/en\/wp-json\/wp\/v2\/product\/8887"}],"collection":[{"href":"https:\/\/www.sams-industrie.fr\/en\/wp-json\/wp\/v2\/product"}],"about":[{"href":"https:\/\/www.sams-industrie.fr\/en\/wp-json\/wp\/v2\/types\/product"}],"replies":[{"embeddable":true,"href":"https:\/\/www.sams-industrie.fr\/en\/wp-json\/wp\/v2\/comments?post=8887"}],"wp:attachment":[{"href":"https:\/\/www.sams-industrie.fr\/en\/wp-json\/wp\/v2\/media?parent=8887"}],"curies":[{"name":"wp","href":"https:\/\/api.w.org\/{rel}","templated":true}]}}