{"id":8886,"date":"2025-01-24T09:32:48","date_gmt":"2025-01-24T08:32:48","guid":{"rendered":"https:\/\/www.sams-industrie.fr\/product\/embout-droit-monobloc-contre-partie-reference-500-407-003\/"},"modified":"2025-02-19T11:41:40","modified_gmt":"2025-02-19T10:41:40","slug":"embout-droit-monobloc-contre-partie-reference-500-407-003","status":"publish","type":"product","link":"https:\/\/www.sams-industrie.fr\/en\/product\/embout-droit-monobloc-contre-partie-reference-500-407-003\/","title":{"rendered":"One-piece straight end piece counterpart<br> Reference 500-407-003"},"content":{"rendered":"","protected":false},"excerpt":{"rendered":"<p>RAPIDEX RAPIDLINE 16<br \/> R\u00e9f\u00e9rence constructeur : 500-407-003<br \/> R\u00e9f\u00e9rences \u00e9quivalentes : 500407003 \/ M500407003 \/ RAP500407003<\/p>","protected":false},"featured_media":0,"comment_status":"open","ping_status":"closed","template":"","meta":[],"_links":{"self":[{"href":"https:\/\/www.sams-industrie.fr\/en\/wp-json\/wp\/v2\/product\/8886"}],"collection":[{"href":"https:\/\/www.sams-industrie.fr\/en\/wp-json\/wp\/v2\/product"}],"about":[{"href":"https:\/\/www.sams-industrie.fr\/en\/wp-json\/wp\/v2\/types\/product"}],"replies":[{"embeddable":true,"href":"https:\/\/www.sams-industrie.fr\/en\/wp-json\/wp\/v2\/comments?post=8886"}],"wp:attachment":[{"href":"https:\/\/www.sams-industrie.fr\/en\/wp-json\/wp\/v2\/media?parent=8886"}],"curies":[{"name":"wp","href":"https:\/\/api.w.org\/{rel}","templated":true}]}}