{"id":8884,"date":"2025-01-24T09:32:46","date_gmt":"2025-01-24T08:32:46","guid":{"rendered":"https:\/\/www.sams-industrie.fr\/product\/embout-droit-monobloc-porte-formes-reference-500-406-002\/"},"modified":"2025-02-19T11:41:39","modified_gmt":"2025-02-19T10:41:39","slug":"embout-droit-monobloc-porte-formes-reference-500-406-002","status":"publish","type":"product","link":"https:\/\/www.sams-industrie.fr\/en\/product\/embout-droit-monobloc-porte-formes-reference-500-406-002\/","title":{"rendered":"One-piece straight end piece for form holders<br> Reference 500-406-002"},"content":{"rendered":"","protected":false},"excerpt":{"rendered":"<p>RAPIDEX RAPIDLINE 16<br \/> R\u00e9f\u00e9rence constructeur : 500-406-002<br \/> R\u00e9f\u00e9rences \u00e9quivalentes : 500406002 \/ M500406002 \/ RAP500406002<\/p>","protected":false},"featured_media":0,"comment_status":"open","ping_status":"closed","template":"","meta":[],"_links":{"self":[{"href":"https:\/\/www.sams-industrie.fr\/en\/wp-json\/wp\/v2\/product\/8884"}],"collection":[{"href":"https:\/\/www.sams-industrie.fr\/en\/wp-json\/wp\/v2\/product"}],"about":[{"href":"https:\/\/www.sams-industrie.fr\/en\/wp-json\/wp\/v2\/types\/product"}],"replies":[{"embeddable":true,"href":"https:\/\/www.sams-industrie.fr\/en\/wp-json\/wp\/v2\/comments?post=8884"}],"wp:attachment":[{"href":"https:\/\/www.sams-industrie.fr\/en\/wp-json\/wp\/v2\/media?parent=8884"}],"curies":[{"name":"wp","href":"https:\/\/api.w.org\/{rel}","templated":true}]}}