{"id":8883,"date":"2025-01-24T09:32:46","date_gmt":"2025-01-24T08:32:46","guid":{"rendered":"https:\/\/www.sams-industrie.fr\/product\/reprise-bride-redex-reference-500-616-006\/"},"modified":"2025-02-19T11:41:38","modified_gmt":"2025-02-19T10:41:38","slug":"reprise-bride-redex-reference-500-616-006","status":"publish","type":"product","link":"https:\/\/www.sams-industrie.fr\/en\/product\/reprise-bride-redex-reference-500-616-006\/","title":{"rendered":"Redex bridle recovery<br> Reference 500-616-006"},"content":{"rendered":"","protected":false},"excerpt":{"rendered":"<p>RAPIDEX RAPIDLINE 16<br \/> R\u00e9f\u00e9rence constructeur : 500-616-006<br \/> R\u00e9f\u00e9rences \u00e9quivalentes : 500616006 \/ M500616006 \/ RAP500616006<\/p>","protected":false},"featured_media":0,"comment_status":"open","ping_status":"closed","template":"","meta":[],"_links":{"self":[{"href":"https:\/\/www.sams-industrie.fr\/en\/wp-json\/wp\/v2\/product\/8883"}],"collection":[{"href":"https:\/\/www.sams-industrie.fr\/en\/wp-json\/wp\/v2\/product"}],"about":[{"href":"https:\/\/www.sams-industrie.fr\/en\/wp-json\/wp\/v2\/types\/product"}],"replies":[{"embeddable":true,"href":"https:\/\/www.sams-industrie.fr\/en\/wp-json\/wp\/v2\/comments?post=8883"}],"wp:attachment":[{"href":"https:\/\/www.sams-industrie.fr\/en\/wp-json\/wp\/v2\/media?parent=8883"}],"curies":[{"name":"wp","href":"https:\/\/api.w.org\/{rel}","templated":true}]}}