{"id":8881,"date":"2025-01-24T09:32:44","date_gmt":"2025-01-24T08:32:44","guid":{"rendered":"https:\/\/www.sams-industrie.fr\/product\/arbre-de-commande-reference-500-604-001\/"},"modified":"2025-02-19T11:41:37","modified_gmt":"2025-02-19T10:41:37","slug":"arbre-de-commande-reference-500-604-001","status":"publish","type":"product","link":"https:\/\/www.sams-industrie.fr\/en\/product\/arbre-de-commande-reference-500-604-001\/","title":{"rendered":"Control shaft<br> Reference 500-604-001"},"content":{"rendered":"","protected":false},"excerpt":{"rendered":"<p>RAPIDEX RAPIDLINE 16<br \/> R\u00e9f\u00e9rence constructeur : 500-604-001<br \/> R\u00e9f\u00e9rences \u00e9quivalentes : 500604001 \/ M500604001 \/ RAP500604001<\/p>","protected":false},"featured_media":0,"comment_status":"open","ping_status":"closed","template":"","meta":[],"_links":{"self":[{"href":"https:\/\/www.sams-industrie.fr\/en\/wp-json\/wp\/v2\/product\/8881"}],"collection":[{"href":"https:\/\/www.sams-industrie.fr\/en\/wp-json\/wp\/v2\/product"}],"about":[{"href":"https:\/\/www.sams-industrie.fr\/en\/wp-json\/wp\/v2\/types\/product"}],"replies":[{"embeddable":true,"href":"https:\/\/www.sams-industrie.fr\/en\/wp-json\/wp\/v2\/comments?post=8881"}],"wp:attachment":[{"href":"https:\/\/www.sams-industrie.fr\/en\/wp-json\/wp\/v2\/media?parent=8881"}],"curies":[{"name":"wp","href":"https:\/\/api.w.org\/{rel}","templated":true}]}}