{"id":8879,"date":"2025-01-24T09:32:42","date_gmt":"2025-01-24T08:32:42","guid":{"rendered":"https:\/\/www.sams-industrie.fr\/product\/poulie-deplacement-outils-reference-500-607-219\/"},"modified":"2025-02-19T11:41:35","modified_gmt":"2025-02-19T10:41:35","slug":"poulie-deplacement-outils-reference-500-607-219","status":"publish","type":"product","link":"https:\/\/www.sams-industrie.fr\/en\/product\/poulie-deplacement-outils-reference-500-607-219\/","title":{"rendered":"Tool moving pulley<br> Reference 500-607-219"},"content":{"rendered":"","protected":false},"excerpt":{"rendered":"<p>RAPIDEX RAPIDLINE 16<br \/> R\u00e9f\u00e9rence constructeur : 500-607-219<br \/> R\u00e9f\u00e9rences \u00e9quivalentes : 500607219 \/ M500607219 \/ RAP500607219<\/p>","protected":false},"featured_media":0,"comment_status":"open","ping_status":"closed","template":"","meta":[],"_links":{"self":[{"href":"https:\/\/www.sams-industrie.fr\/en\/wp-json\/wp\/v2\/product\/8879"}],"collection":[{"href":"https:\/\/www.sams-industrie.fr\/en\/wp-json\/wp\/v2\/product"}],"about":[{"href":"https:\/\/www.sams-industrie.fr\/en\/wp-json\/wp\/v2\/types\/product"}],"replies":[{"embeddable":true,"href":"https:\/\/www.sams-industrie.fr\/en\/wp-json\/wp\/v2\/comments?post=8879"}],"wp:attachment":[{"href":"https:\/\/www.sams-industrie.fr\/en\/wp-json\/wp\/v2\/media?parent=8879"}],"curies":[{"name":"wp","href":"https:\/\/api.w.org\/{rel}","templated":true}]}}