{"id":8874,"date":"2025-01-24T09:32:37","date_gmt":"2025-01-24T08:32:37","guid":{"rendered":"https:\/\/www.sams-industrie.fr\/product\/porte-lame-reference-500-614-007\/"},"modified":"2025-02-19T11:41:32","modified_gmt":"2025-02-19T10:41:32","slug":"porte-lame-reference-500-614-007","status":"publish","type":"product","link":"https:\/\/www.sams-industrie.fr\/en\/product\/porte-lame-reference-500-614-007\/","title":{"rendered":"Blade holder<br> Reference 500-614-007"},"content":{"rendered":"","protected":false},"excerpt":{"rendered":"<p>RAPIDEX RAPIDLINE 16<br \/> R\u00e9f\u00e9rence constructeur : 500-614-007<br \/> R\u00e9f\u00e9rences \u00e9quivalentes : 500614007 \/ M500614007 \/ RAP500614007<\/p>","protected":false},"featured_media":0,"comment_status":"open","ping_status":"closed","template":"","meta":[],"_links":{"self":[{"href":"https:\/\/www.sams-industrie.fr\/en\/wp-json\/wp\/v2\/product\/8874"}],"collection":[{"href":"https:\/\/www.sams-industrie.fr\/en\/wp-json\/wp\/v2\/product"}],"about":[{"href":"https:\/\/www.sams-industrie.fr\/en\/wp-json\/wp\/v2\/types\/product"}],"replies":[{"embeddable":true,"href":"https:\/\/www.sams-industrie.fr\/en\/wp-json\/wp\/v2\/comments?post=8874"}],"wp:attachment":[{"href":"https:\/\/www.sams-industrie.fr\/en\/wp-json\/wp\/v2\/media?parent=8874"}],"curies":[{"name":"wp","href":"https:\/\/api.w.org\/{rel}","templated":true}]}}