{"id":8872,"date":"2025-01-24T09:32:36","date_gmt":"2025-01-24T08:32:36","guid":{"rendered":"https:\/\/www.sams-industrie.fr\/product\/flasque-reference-500-614-004\/"},"modified":"2025-02-19T11:41:30","modified_gmt":"2025-02-19T10:41:30","slug":"flasque-reference-500-614-004","status":"publish","type":"product","link":"https:\/\/www.sams-industrie.fr\/en\/product\/flasque-reference-500-614-004\/","title":{"rendered":"Flask<br> Reference 500-614-004"},"content":{"rendered":"","protected":false},"excerpt":{"rendered":"<p>RAPIDEX RAPIDLINE 16<br \/> R\u00e9f\u00e9rence constructeur : 500-614-004<br \/> R\u00e9f\u00e9rences \u00e9quivalentes : 500614004 \/ M500614004 \/ RAP500614004<\/p>","protected":false},"featured_media":0,"comment_status":"open","ping_status":"closed","template":"","meta":[],"_links":{"self":[{"href":"https:\/\/www.sams-industrie.fr\/en\/wp-json\/wp\/v2\/product\/8872"}],"collection":[{"href":"https:\/\/www.sams-industrie.fr\/en\/wp-json\/wp\/v2\/product"}],"about":[{"href":"https:\/\/www.sams-industrie.fr\/en\/wp-json\/wp\/v2\/types\/product"}],"replies":[{"embeddable":true,"href":"https:\/\/www.sams-industrie.fr\/en\/wp-json\/wp\/v2\/comments?post=8872"}],"wp:attachment":[{"href":"https:\/\/www.sams-industrie.fr\/en\/wp-json\/wp\/v2\/media?parent=8872"}],"curies":[{"name":"wp","href":"https:\/\/api.w.org\/{rel}","templated":true}]}}