{"id":8866,"date":"2025-01-24T09:32:33","date_gmt":"2025-01-24T08:32:33","guid":{"rendered":"https:\/\/www.sams-industrie.fr\/product\/rondelle-guide-encocheur-reference-500-600-011\/"},"modified":"2025-02-19T11:41:25","modified_gmt":"2025-02-19T10:41:25","slug":"rondelle-guide-encocheur-reference-500-600-011","status":"publish","type":"product","link":"https:\/\/www.sams-industrie.fr\/en\/product\/rondelle-guide-encocheur-reference-500-600-011\/","title":{"rendered":"Notch guide washer<br> Reference 500-600-011"},"content":{"rendered":"","protected":false},"excerpt":{"rendered":"<p>RAPIDEX RAPIDLINE 16<br \/> R\u00e9f\u00e9rence constructeur : 500-600-011<br \/> R\u00e9f\u00e9rences \u00e9quivalentes : 500600011 \/ M500600011 \/ RAP500600011<\/p>","protected":false},"featured_media":0,"comment_status":"open","ping_status":"closed","template":"","meta":[],"_links":{"self":[{"href":"https:\/\/www.sams-industrie.fr\/en\/wp-json\/wp\/v2\/product\/8866"}],"collection":[{"href":"https:\/\/www.sams-industrie.fr\/en\/wp-json\/wp\/v2\/product"}],"about":[{"href":"https:\/\/www.sams-industrie.fr\/en\/wp-json\/wp\/v2\/types\/product"}],"replies":[{"embeddable":true,"href":"https:\/\/www.sams-industrie.fr\/en\/wp-json\/wp\/v2\/comments?post=8866"}],"wp:attachment":[{"href":"https:\/\/www.sams-industrie.fr\/en\/wp-json\/wp\/v2\/media?parent=8866"}],"curies":[{"name":"wp","href":"https:\/\/api.w.org\/{rel}","templated":true}]}}