{"id":8860,"date":"2025-01-24T09:32:29","date_gmt":"2025-01-24T08:32:29","guid":{"rendered":"https:\/\/www.sams-industrie.fr\/product\/levier-amont-reference-500-600-101-2\/"},"modified":"2025-02-19T11:41:20","modified_gmt":"2025-02-19T10:41:20","slug":"levier-amont-reference-500-600-101-2","status":"publish","type":"product","link":"https:\/\/www.sams-industrie.fr\/en\/product\/levier-amont-reference-500-600-101-2\/","title":{"rendered":"Upstream lever<br> Reference 500-600-101"},"content":{"rendered":"","protected":false},"excerpt":{"rendered":"<p>RAPIDEX RAPIDLINE 16<br \/> R\u00e9f\u00e9rence constructeur : 500-600-101<br \/> R\u00e9f\u00e9rences \u00e9quivalentes : 500600101 \/ M500600101 \/ RAP500600101<\/p>","protected":false},"featured_media":0,"comment_status":"open","ping_status":"closed","template":"","meta":[],"_links":{"self":[{"href":"https:\/\/www.sams-industrie.fr\/en\/wp-json\/wp\/v2\/product\/8860"}],"collection":[{"href":"https:\/\/www.sams-industrie.fr\/en\/wp-json\/wp\/v2\/product"}],"about":[{"href":"https:\/\/www.sams-industrie.fr\/en\/wp-json\/wp\/v2\/types\/product"}],"replies":[{"embeddable":true,"href":"https:\/\/www.sams-industrie.fr\/en\/wp-json\/wp\/v2\/comments?post=8860"}],"wp:attachment":[{"href":"https:\/\/www.sams-industrie.fr\/en\/wp-json\/wp\/v2\/media?parent=8860"}],"curies":[{"name":"wp","href":"https:\/\/api.w.org\/{rel}","templated":true}]}}