{"id":8859,"date":"2025-01-24T09:32:28","date_gmt":"2025-01-24T08:32:28","guid":{"rendered":"https:\/\/www.sams-industrie.fr\/product\/secteur-aval-reference-500-600-108\/"},"modified":"2025-02-19T11:41:20","modified_gmt":"2025-02-19T10:41:20","slug":"secteur-aval-reference-500-600-108","status":"publish","type":"product","link":"https:\/\/www.sams-industrie.fr\/en\/product\/secteur-aval-reference-500-600-108\/","title":{"rendered":"Downstream sector<br> Reference 500-600-108"},"content":{"rendered":"","protected":false},"excerpt":{"rendered":"<p>RAPIDEX RAPIDLINE 16<br \/> R\u00e9f\u00e9rence constructeur : 500-600-108<br \/> R\u00e9f\u00e9rences \u00e9quivalentes : 500600108 \/ M500600108 \/ RAP500600108<\/p>","protected":false},"featured_media":0,"comment_status":"open","ping_status":"closed","template":"","meta":[],"_links":{"self":[{"href":"https:\/\/www.sams-industrie.fr\/en\/wp-json\/wp\/v2\/product\/8859"}],"collection":[{"href":"https:\/\/www.sams-industrie.fr\/en\/wp-json\/wp\/v2\/product"}],"about":[{"href":"https:\/\/www.sams-industrie.fr\/en\/wp-json\/wp\/v2\/types\/product"}],"replies":[{"embeddable":true,"href":"https:\/\/www.sams-industrie.fr\/en\/wp-json\/wp\/v2\/comments?post=8859"}],"wp:attachment":[{"href":"https:\/\/www.sams-industrie.fr\/en\/wp-json\/wp\/v2\/media?parent=8859"}],"curies":[{"name":"wp","href":"https:\/\/api.w.org\/{rel}","templated":true}]}}