{"id":8858,"date":"2025-01-24T09:32:27","date_gmt":"2025-01-24T08:32:27","guid":{"rendered":"https:\/\/www.sams-industrie.fr\/product\/secteur-amont-reference-500-600-107\/"},"modified":"2025-02-19T11:41:19","modified_gmt":"2025-02-19T10:41:19","slug":"secteur-amont-reference-500-600-107","status":"publish","type":"product","link":"https:\/\/www.sams-industrie.fr\/en\/product\/secteur-amont-reference-500-600-107\/","title":{"rendered":"Upstream sector<br> Reference 500-600-107"},"content":{"rendered":"","protected":false},"excerpt":{"rendered":"<p>RAPIDEX RAPIDLINE 16<br \/> R\u00e9f\u00e9rence constructeur : 500-600-107<br \/> R\u00e9f\u00e9rences \u00e9quivalentes : 500600107 \/ M500600107 \/ RAP500600107<\/p>","protected":false},"featured_media":0,"comment_status":"open","ping_status":"closed","template":"","meta":[],"_links":{"self":[{"href":"https:\/\/www.sams-industrie.fr\/en\/wp-json\/wp\/v2\/product\/8858"}],"collection":[{"href":"https:\/\/www.sams-industrie.fr\/en\/wp-json\/wp\/v2\/product"}],"about":[{"href":"https:\/\/www.sams-industrie.fr\/en\/wp-json\/wp\/v2\/types\/product"}],"replies":[{"embeddable":true,"href":"https:\/\/www.sams-industrie.fr\/en\/wp-json\/wp\/v2\/comments?post=8858"}],"wp:attachment":[{"href":"https:\/\/www.sams-industrie.fr\/en\/wp-json\/wp\/v2\/media?parent=8858"}],"curies":[{"name":"wp","href":"https:\/\/api.w.org\/{rel}","templated":true}]}}