{"id":8857,"date":"2025-01-24T09:32:27","date_gmt":"2025-01-24T08:32:27","guid":{"rendered":"https:\/\/www.sams-industrie.fr\/product\/axe-de-levier-reference-500-600-113\/"},"modified":"2025-02-19T14:02:00","modified_gmt":"2025-02-19T13:02:00","slug":"axe-de-levier-reference-500-600-113","status":"publish","type":"product","link":"https:\/\/www.sams-industrie.fr\/en\/product\/axe-de-levier-reference-500-600-113\/","title":{"rendered":"Lever axis<br> Reference 500-600-113"},"content":{"rendered":"","protected":false},"excerpt":{"rendered":"<p>RAPIDEX RAPIDLINE 16<br \/>\nR\u00e9f\u00e9rence constructeur : 500-600-113<br \/>\nR\u00e9f\u00e9rences \u00e9quivalentes : 500600113 \/ M500600113 \/ RAP500600113<\/p>","protected":false},"featured_media":11244,"comment_status":"open","ping_status":"closed","template":"","meta":[],"_links":{"self":[{"href":"https:\/\/www.sams-industrie.fr\/en\/wp-json\/wp\/v2\/product\/8857"}],"collection":[{"href":"https:\/\/www.sams-industrie.fr\/en\/wp-json\/wp\/v2\/product"}],"about":[{"href":"https:\/\/www.sams-industrie.fr\/en\/wp-json\/wp\/v2\/types\/product"}],"replies":[{"embeddable":true,"href":"https:\/\/www.sams-industrie.fr\/en\/wp-json\/wp\/v2\/comments?post=8857"}],"wp:featuredmedia":[{"embeddable":true,"href":"https:\/\/www.sams-industrie.fr\/en\/wp-json\/wp\/v2\/media\/11244"}],"wp:attachment":[{"href":"https:\/\/www.sams-industrie.fr\/en\/wp-json\/wp\/v2\/media?parent=8857"}],"curies":[{"name":"wp","href":"https:\/\/api.w.org\/{rel}","templated":true}]}}