{"id":8854,"date":"2025-01-24T09:32:25","date_gmt":"2025-01-24T08:32:25","guid":{"rendered":"https:\/\/www.sams-industrie.fr\/product\/manchon-coupe-patte-reference-500-600-005\/"},"modified":"2025-02-19T11:41:16","modified_gmt":"2025-02-19T10:41:16","slug":"manchon-coupe-patte-reference-500-600-005","status":"publish","type":"product","link":"https:\/\/www.sams-industrie.fr\/en\/product\/manchon-coupe-patte-reference-500-600-005\/","title":{"rendered":"Paw cutter sleeve<br> Reference 500-600-005"},"content":{"rendered":"","protected":false},"excerpt":{"rendered":"<p>RAPIDEX RAPIDLINE 16<br \/> R\u00e9f\u00e9rence constructeur : 500-600-005<br \/> R\u00e9f\u00e9rences \u00e9quivalentes : 500600005 \/ M500600005 \/ RAP500600005<\/p>","protected":false},"featured_media":0,"comment_status":"open","ping_status":"closed","template":"","meta":[],"_links":{"self":[{"href":"https:\/\/www.sams-industrie.fr\/en\/wp-json\/wp\/v2\/product\/8854"}],"collection":[{"href":"https:\/\/www.sams-industrie.fr\/en\/wp-json\/wp\/v2\/product"}],"about":[{"href":"https:\/\/www.sams-industrie.fr\/en\/wp-json\/wp\/v2\/types\/product"}],"replies":[{"embeddable":true,"href":"https:\/\/www.sams-industrie.fr\/en\/wp-json\/wp\/v2\/comments?post=8854"}],"wp:attachment":[{"href":"https:\/\/www.sams-industrie.fr\/en\/wp-json\/wp\/v2\/media?parent=8854"}],"curies":[{"name":"wp","href":"https:\/\/api.w.org\/{rel}","templated":true}]}}