{"id":8852,"date":"2025-01-24T09:32:24","date_gmt":"2025-01-24T08:32:24","guid":{"rendered":"https:\/\/www.sams-industrie.fr\/product\/poulie-entrainement-reference-500-603-007\/"},"modified":"2025-02-19T11:41:14","modified_gmt":"2025-02-19T10:41:14","slug":"poulie-entrainement-reference-500-603-007","status":"publish","type":"product","link":"https:\/\/www.sams-industrie.fr\/en\/product\/poulie-entrainement-reference-500-603-007\/","title":{"rendered":"Drive pulley<br> Reference 500-603-007"},"content":{"rendered":"","protected":false},"excerpt":{"rendered":"<p>RAPIDEX RAPIDLINE 16<br \/> R\u00e9f\u00e9rence constructeur : 500-603-007<br \/> R\u00e9f\u00e9rences \u00e9quivalentes : 500603007 \/ M500603007 \/ RAP500603007<\/p>","protected":false},"featured_media":0,"comment_status":"open","ping_status":"closed","template":"","meta":[],"_links":{"self":[{"href":"https:\/\/www.sams-industrie.fr\/en\/wp-json\/wp\/v2\/product\/8852"}],"collection":[{"href":"https:\/\/www.sams-industrie.fr\/en\/wp-json\/wp\/v2\/product"}],"about":[{"href":"https:\/\/www.sams-industrie.fr\/en\/wp-json\/wp\/v2\/types\/product"}],"replies":[{"embeddable":true,"href":"https:\/\/www.sams-industrie.fr\/en\/wp-json\/wp\/v2\/comments?post=8852"}],"wp:attachment":[{"href":"https:\/\/www.sams-industrie.fr\/en\/wp-json\/wp\/v2\/media?parent=8852"}],"curies":[{"name":"wp","href":"https:\/\/api.w.org\/{rel}","templated":true}]}}