{"id":8851,"date":"2025-01-24T09:32:23","date_gmt":"2025-01-24T08:32:23","guid":{"rendered":"https:\/\/www.sams-industrie.fr\/product\/refouleur-inferieur-reference-500-602-103\/"},"modified":"2025-02-19T11:41:14","modified_gmt":"2025-02-19T10:41:14","slug":"refouleur-inferieur-reference-500-602-103","status":"publish","type":"product","link":"https:\/\/www.sams-industrie.fr\/en\/product\/refouleur-inferieur-reference-500-602-103\/","title":{"rendered":"Lower pusher<br> Reference 500-602-103"},"content":{"rendered":"","protected":false},"excerpt":{"rendered":"<p>RAPIDEX RAPIDLINE 16<br \/> R\u00e9f\u00e9rence constructeur : 500-602-103<br \/> R\u00e9f\u00e9rences \u00e9quivalentes : 500602103 \/ M500602103 \/ RAP500602103<\/p>","protected":false},"featured_media":0,"comment_status":"open","ping_status":"closed","template":"","meta":[],"_links":{"self":[{"href":"https:\/\/www.sams-industrie.fr\/en\/wp-json\/wp\/v2\/product\/8851"}],"collection":[{"href":"https:\/\/www.sams-industrie.fr\/en\/wp-json\/wp\/v2\/product"}],"about":[{"href":"https:\/\/www.sams-industrie.fr\/en\/wp-json\/wp\/v2\/types\/product"}],"replies":[{"embeddable":true,"href":"https:\/\/www.sams-industrie.fr\/en\/wp-json\/wp\/v2\/comments?post=8851"}],"wp:attachment":[{"href":"https:\/\/www.sams-industrie.fr\/en\/wp-json\/wp\/v2\/media?parent=8851"}],"curies":[{"name":"wp","href":"https:\/\/api.w.org\/{rel}","templated":true}]}}