{"id":8849,"date":"2025-01-24T09:32:19","date_gmt":"2025-01-24T08:32:19","guid":{"rendered":"https:\/\/www.sams-industrie.fr\/product\/refouleur-acier-superieur-reference-500-603-204\/"},"modified":"2025-02-19T11:41:12","modified_gmt":"2025-02-19T10:41:12","slug":"refouleur-acier-superieur-reference-500-603-204","status":"publish","type":"product","link":"https:\/\/www.sams-industrie.fr\/en\/product\/refouleur-acier-superieur-reference-500-603-204\/","title":{"rendered":"Upper steel repressor<br> Reference 500-603-204"},"content":{"rendered":"","protected":false},"excerpt":{"rendered":"<p>RAPIDEX RAPIDLINE 16<br \/> R\u00e9f\u00e9rence constructeur : 500-603-204<br \/> R\u00e9f\u00e9rences \u00e9quivalentes : 500603204 \/ M500603204 \/ RAP500603204<\/p>","protected":false},"featured_media":0,"comment_status":"open","ping_status":"closed","template":"","meta":[],"_links":{"self":[{"href":"https:\/\/www.sams-industrie.fr\/en\/wp-json\/wp\/v2\/product\/8849"}],"collection":[{"href":"https:\/\/www.sams-industrie.fr\/en\/wp-json\/wp\/v2\/product"}],"about":[{"href":"https:\/\/www.sams-industrie.fr\/en\/wp-json\/wp\/v2\/types\/product"}],"replies":[{"embeddable":true,"href":"https:\/\/www.sams-industrie.fr\/en\/wp-json\/wp\/v2\/comments?post=8849"}],"wp:attachment":[{"href":"https:\/\/www.sams-industrie.fr\/en\/wp-json\/wp\/v2\/media?parent=8849"}],"curies":[{"name":"wp","href":"https:\/\/api.w.org\/{rel}","templated":true}]}}