{"id":8847,"date":"2025-01-24T09:32:18","date_gmt":"2025-01-24T08:32:18","guid":{"rendered":"https:\/\/www.sams-industrie.fr\/product\/refouleur-superieur-reference-500-603-205\/"},"modified":"2025-02-19T11:41:11","modified_gmt":"2025-02-19T10:41:11","slug":"refouleur-superieur-reference-500-603-205","status":"publish","type":"product","link":"https:\/\/www.sams-industrie.fr\/en\/product\/refouleur-superieur-reference-500-603-205\/","title":{"rendered":"Upper pusher<br> Reference 500-603-205"},"content":{"rendered":"","protected":false},"excerpt":{"rendered":"<p>RAPIDEX RAPIDLINE 16<br \/> R\u00e9f\u00e9rence constructeur : 500-603-205<br \/> R\u00e9f\u00e9rences \u00e9quivalentes : 500603205 \/ M500603205 \/ RAP500603205<\/p>","protected":false},"featured_media":0,"comment_status":"open","ping_status":"closed","template":"","meta":[],"_links":{"self":[{"href":"https:\/\/www.sams-industrie.fr\/en\/wp-json\/wp\/v2\/product\/8847"}],"collection":[{"href":"https:\/\/www.sams-industrie.fr\/en\/wp-json\/wp\/v2\/product"}],"about":[{"href":"https:\/\/www.sams-industrie.fr\/en\/wp-json\/wp\/v2\/types\/product"}],"replies":[{"embeddable":true,"href":"https:\/\/www.sams-industrie.fr\/en\/wp-json\/wp\/v2\/comments?post=8847"}],"wp:attachment":[{"href":"https:\/\/www.sams-industrie.fr\/en\/wp-json\/wp\/v2\/media?parent=8847"}],"curies":[{"name":"wp","href":"https:\/\/api.w.org\/{rel}","templated":true}]}}