{"id":8842,"date":"2025-01-24T09:32:15","date_gmt":"2025-01-24T08:32:15","guid":{"rendered":"https:\/\/www.sams-industrie.fr\/product\/refouleur-superieur-reference-500-603-003\/"},"modified":"2025-02-19T11:41:05","modified_gmt":"2025-02-19T10:41:05","slug":"refouleur-superieur-reference-500-603-003","status":"publish","type":"product","link":"https:\/\/www.sams-industrie.fr\/en\/product\/refouleur-superieur-reference-500-603-003\/","title":{"rendered":"Upper pusher<br> Reference 500-603-003"},"content":{"rendered":"","protected":false},"excerpt":{"rendered":"<p>RAPIDEX RAPIDLINE 16<br \/> R\u00e9f\u00e9rence constructeur : 500-603-003<br \/> R\u00e9f\u00e9rences \u00e9quivalentes : 500603003 \/ M500603003 \/ RAP500603003<\/p>","protected":false},"featured_media":0,"comment_status":"open","ping_status":"closed","template":"","meta":[],"_links":{"self":[{"href":"https:\/\/www.sams-industrie.fr\/en\/wp-json\/wp\/v2\/product\/8842"}],"collection":[{"href":"https:\/\/www.sams-industrie.fr\/en\/wp-json\/wp\/v2\/product"}],"about":[{"href":"https:\/\/www.sams-industrie.fr\/en\/wp-json\/wp\/v2\/types\/product"}],"replies":[{"embeddable":true,"href":"https:\/\/www.sams-industrie.fr\/en\/wp-json\/wp\/v2\/comments?post=8842"}],"wp:attachment":[{"href":"https:\/\/www.sams-industrie.fr\/en\/wp-json\/wp\/v2\/media?parent=8842"}],"curies":[{"name":"wp","href":"https:\/\/api.w.org\/{rel}","templated":true}]}}