{"id":8838,"date":"2025-01-24T09:32:12","date_gmt":"2025-01-24T08:32:12","guid":{"rendered":"https:\/\/www.sams-industrie.fr\/product\/axe-fixe-poulie-de-renvoi-reference-500-609-020\/"},"modified":"2025-02-19T11:41:03","modified_gmt":"2025-02-19T10:41:03","slug":"axe-fixe-poulie-de-renvoi-reference-500-609-020","status":"publish","type":"product","link":"https:\/\/www.sams-industrie.fr\/en\/product\/axe-fixe-poulie-de-renvoi-reference-500-609-020\/","title":{"rendered":"Fixed axis return pulley<br> Reference 500-609-020"},"content":{"rendered":"","protected":false},"excerpt":{"rendered":"<p>RAPIDEX RAPIDLINE 16<br \/> R\u00e9f\u00e9rence constructeur : 500-609-020<br \/> R\u00e9f\u00e9rences \u00e9quivalentes : 500609020 \/ M500609020 \/ RAP500609020<\/p>","protected":false},"featured_media":0,"comment_status":"open","ping_status":"closed","template":"","meta":[],"_links":{"self":[{"href":"https:\/\/www.sams-industrie.fr\/en\/wp-json\/wp\/v2\/product\/8838"}],"collection":[{"href":"https:\/\/www.sams-industrie.fr\/en\/wp-json\/wp\/v2\/product"}],"about":[{"href":"https:\/\/www.sams-industrie.fr\/en\/wp-json\/wp\/v2\/types\/product"}],"replies":[{"embeddable":true,"href":"https:\/\/www.sams-industrie.fr\/en\/wp-json\/wp\/v2\/comments?post=8838"}],"wp:attachment":[{"href":"https:\/\/www.sams-industrie.fr\/en\/wp-json\/wp\/v2\/media?parent=8838"}],"curies":[{"name":"wp","href":"https:\/\/api.w.org\/{rel}","templated":true}]}}