{"id":8837,"date":"2025-01-24T09:32:11","date_gmt":"2025-01-24T08:32:11","guid":{"rendered":"https:\/\/www.sams-industrie.fr\/product\/poulie-de-renvoi-reference-500-604-011\/"},"modified":"2025-02-19T11:41:02","modified_gmt":"2025-02-19T10:41:02","slug":"poulie-de-renvoi-reference-500-604-011","status":"publish","type":"product","link":"https:\/\/www.sams-industrie.fr\/en\/product\/poulie-de-renvoi-reference-500-604-011\/","title":{"rendered":"Idler pulley<br> Reference 500-604-011"},"content":{"rendered":"","protected":false},"excerpt":{"rendered":"<p>RAPIDEX RAPIDLINE 16<br \/> R\u00e9f\u00e9rence constructeur : 500-604-011<br \/> R\u00e9f\u00e9rences \u00e9quivalentes : 500604011 \/ M500604011 \/ RAP500604011<\/p>","protected":false},"featured_media":0,"comment_status":"open","ping_status":"closed","template":"","meta":[],"_links":{"self":[{"href":"https:\/\/www.sams-industrie.fr\/en\/wp-json\/wp\/v2\/product\/8837"}],"collection":[{"href":"https:\/\/www.sams-industrie.fr\/en\/wp-json\/wp\/v2\/product"}],"about":[{"href":"https:\/\/www.sams-industrie.fr\/en\/wp-json\/wp\/v2\/types\/product"}],"replies":[{"embeddable":true,"href":"https:\/\/www.sams-industrie.fr\/en\/wp-json\/wp\/v2\/comments?post=8837"}],"wp:attachment":[{"href":"https:\/\/www.sams-industrie.fr\/en\/wp-json\/wp\/v2\/media?parent=8837"}],"curies":[{"name":"wp","href":"https:\/\/api.w.org\/{rel}","templated":true}]}}