{"id":8836,"date":"2025-01-24T09:32:11","date_gmt":"2025-01-24T08:32:11","guid":{"rendered":"https:\/\/www.sams-industrie.fr\/product\/arbre-de-transmission-reference-500-609-209\/"},"modified":"2025-02-19T11:41:01","modified_gmt":"2025-02-19T10:41:01","slug":"arbre-de-transmission-reference-500-609-209","status":"publish","type":"product","link":"https:\/\/www.sams-industrie.fr\/en\/product\/arbre-de-transmission-reference-500-609-209\/","title":{"rendered":"Drive shaft<br> Reference 500-609-209"},"content":{"rendered":"","protected":false},"excerpt":{"rendered":"<p>RAPIDEX RAPIDLINE 16<br \/> R\u00e9f\u00e9rence constructeur : 500-609-209<br \/> R\u00e9f\u00e9rences \u00e9quivalentes : 500609209 \/ M500609209 \/ RAP500609209<\/p>","protected":false},"featured_media":0,"comment_status":"open","ping_status":"closed","template":"","meta":[],"_links":{"self":[{"href":"https:\/\/www.sams-industrie.fr\/en\/wp-json\/wp\/v2\/product\/8836"}],"collection":[{"href":"https:\/\/www.sams-industrie.fr\/en\/wp-json\/wp\/v2\/product"}],"about":[{"href":"https:\/\/www.sams-industrie.fr\/en\/wp-json\/wp\/v2\/types\/product"}],"replies":[{"embeddable":true,"href":"https:\/\/www.sams-industrie.fr\/en\/wp-json\/wp\/v2\/comments?post=8836"}],"wp:attachment":[{"href":"https:\/\/www.sams-industrie.fr\/en\/wp-json\/wp\/v2\/media?parent=8836"}],"curies":[{"name":"wp","href":"https:\/\/api.w.org\/{rel}","templated":true}]}}