{"id":8828,"date":"2025-01-24T09:32:06","date_gmt":"2025-01-24T08:32:06","guid":{"rendered":"https:\/\/www.sams-industrie.fr\/product\/entretoise-refendeur-inferieur-reference-500-301-008\/"},"modified":"2025-02-19T11:40:55","modified_gmt":"2025-02-19T10:40:55","slug":"entretoise-refendeur-inferieur-reference-500-301-008","status":"publish","type":"product","link":"https:\/\/www.sams-industrie.fr\/en\/product\/entretoise-refendeur-inferieur-reference-500-301-008\/","title":{"rendered":"Lower splitter spacer<br> Reference 500-301-008"},"content":{"rendered":"","protected":false},"excerpt":{"rendered":"<p>RAPIDEX RAPIDLINE 16<br \/> R\u00e9f\u00e9rence constructeur : 500-301-008<br \/> R\u00e9f\u00e9rences \u00e9quivalentes : 500301008 \/ M500301008 \/ RAP500301008<\/p>","protected":false},"featured_media":0,"comment_status":"open","ping_status":"closed","template":"","meta":[],"_links":{"self":[{"href":"https:\/\/www.sams-industrie.fr\/en\/wp-json\/wp\/v2\/product\/8828"}],"collection":[{"href":"https:\/\/www.sams-industrie.fr\/en\/wp-json\/wp\/v2\/product"}],"about":[{"href":"https:\/\/www.sams-industrie.fr\/en\/wp-json\/wp\/v2\/types\/product"}],"replies":[{"embeddable":true,"href":"https:\/\/www.sams-industrie.fr\/en\/wp-json\/wp\/v2\/comments?post=8828"}],"wp:attachment":[{"href":"https:\/\/www.sams-industrie.fr\/en\/wp-json\/wp\/v2\/media?parent=8828"}],"curies":[{"name":"wp","href":"https:\/\/api.w.org\/{rel}","templated":true}]}}