{"id":8827,"date":"2025-01-24T09:32:05","date_gmt":"2025-01-24T08:32:05","guid":{"rendered":"https:\/\/www.sams-industrie.fr\/product\/refendeur-inferieur-reference-500-301-007\/"},"modified":"2025-02-19T11:40:55","modified_gmt":"2025-02-19T10:40:55","slug":"refendeur-inferieur-reference-500-301-007","status":"publish","type":"product","link":"https:\/\/www.sams-industrie.fr\/en\/product\/refendeur-inferieur-reference-500-301-007\/","title":{"rendered":"Lower slitter<br> Reference 500-301-007"},"content":{"rendered":"","protected":false},"excerpt":{"rendered":"<p>RAPIDEX RAPIDLINE 16<br \/> R\u00e9f\u00e9rence constructeur : 500-301-007<br \/> R\u00e9f\u00e9rences \u00e9quivalentes : 500301007 \/ M500301007 \/ RAP500301007<\/p>","protected":false},"featured_media":0,"comment_status":"open","ping_status":"closed","template":"","meta":[],"_links":{"self":[{"href":"https:\/\/www.sams-industrie.fr\/en\/wp-json\/wp\/v2\/product\/8827"}],"collection":[{"href":"https:\/\/www.sams-industrie.fr\/en\/wp-json\/wp\/v2\/product"}],"about":[{"href":"https:\/\/www.sams-industrie.fr\/en\/wp-json\/wp\/v2\/types\/product"}],"replies":[{"embeddable":true,"href":"https:\/\/www.sams-industrie.fr\/en\/wp-json\/wp\/v2\/comments?post=8827"}],"wp:attachment":[{"href":"https:\/\/www.sams-industrie.fr\/en\/wp-json\/wp\/v2\/media?parent=8827"}],"curies":[{"name":"wp","href":"https:\/\/api.w.org\/{rel}","templated":true}]}}