{"id":8825,"date":"2025-01-24T09:32:04","date_gmt":"2025-01-24T08:32:04","guid":{"rendered":"https:\/\/www.sams-industrie.fr\/product\/tendeur-reference-500-303-017\/"},"modified":"2025-02-19T11:40:54","modified_gmt":"2025-02-19T10:40:54","slug":"tendeur-reference-500-303-017","status":"publish","type":"product","link":"https:\/\/www.sams-industrie.fr\/en\/product\/tendeur-reference-500-303-017\/","title":{"rendered":"Tensioner<br> Reference 500-303-017"},"content":{"rendered":"","protected":false},"excerpt":{"rendered":"<p>RAPIDEX RAPIDLINE 16<br \/> R\u00e9f\u00e9rence constructeur : 500-303-017<br \/> R\u00e9f\u00e9rences \u00e9quivalentes : 500303017 \/ M500303017 \/ RAP500303017<\/p>","protected":false},"featured_media":0,"comment_status":"open","ping_status":"closed","template":"","meta":[],"_links":{"self":[{"href":"https:\/\/www.sams-industrie.fr\/en\/wp-json\/wp\/v2\/product\/8825"}],"collection":[{"href":"https:\/\/www.sams-industrie.fr\/en\/wp-json\/wp\/v2\/product"}],"about":[{"href":"https:\/\/www.sams-industrie.fr\/en\/wp-json\/wp\/v2\/types\/product"}],"replies":[{"embeddable":true,"href":"https:\/\/www.sams-industrie.fr\/en\/wp-json\/wp\/v2\/comments?post=8825"}],"wp:attachment":[{"href":"https:\/\/www.sams-industrie.fr\/en\/wp-json\/wp\/v2\/media?parent=8825"}],"curies":[{"name":"wp","href":"https:\/\/api.w.org\/{rel}","templated":true}]}}