{"id":8823,"date":"2025-01-24T09:32:02","date_gmt":"2025-01-24T08:32:02","guid":{"rendered":"https:\/\/www.sams-industrie.fr\/product\/lame-droite-reference-500-300-112\/"},"modified":"2025-02-19T11:40:52","modified_gmt":"2025-02-19T10:40:52","slug":"lame-droite-reference-500-300-112","status":"publish","type":"product","link":"https:\/\/www.sams-industrie.fr\/en\/product\/lame-droite-reference-500-300-112\/","title":{"rendered":"Straight blade<br> Reference 500-300-112"},"content":{"rendered":"","protected":false},"excerpt":{"rendered":"<p>RAPIDEX RAPIDLINE 16<br \/> R\u00e9f\u00e9rence constructeur : 500-300-112<br \/> R\u00e9f\u00e9rences \u00e9quivalentes : 500300112 \/ M500300112 \/ RAP500300112<\/p>","protected":false},"featured_media":0,"comment_status":"open","ping_status":"closed","template":"","meta":[],"_links":{"self":[{"href":"https:\/\/www.sams-industrie.fr\/en\/wp-json\/wp\/v2\/product\/8823"}],"collection":[{"href":"https:\/\/www.sams-industrie.fr\/en\/wp-json\/wp\/v2\/product"}],"about":[{"href":"https:\/\/www.sams-industrie.fr\/en\/wp-json\/wp\/v2\/types\/product"}],"replies":[{"embeddable":true,"href":"https:\/\/www.sams-industrie.fr\/en\/wp-json\/wp\/v2\/comments?post=8823"}],"wp:attachment":[{"href":"https:\/\/www.sams-industrie.fr\/en\/wp-json\/wp\/v2\/media?parent=8823"}],"curies":[{"name":"wp","href":"https:\/\/api.w.org\/{rel}","templated":true}]}}