{"id":8822,"date":"2025-01-24T09:32:01","date_gmt":"2025-01-24T08:32:01","guid":{"rendered":"https:\/\/www.sams-industrie.fr\/product\/lame-droite-reference-500-300-122\/"},"modified":"2025-02-19T11:40:52","modified_gmt":"2025-02-19T10:40:52","slug":"lame-droite-reference-500-300-122","status":"publish","type":"product","link":"https:\/\/www.sams-industrie.fr\/en\/product\/lame-droite-reference-500-300-122\/","title":{"rendered":"Straight blade<br> Reference 500-300-122"},"content":{"rendered":"","protected":false},"excerpt":{"rendered":"<p>RAPIDEX RAPIDLINE 16<br \/> R\u00e9f\u00e9rence constructeur : 500-300-122<br \/> R\u00e9f\u00e9rences \u00e9quivalentes : 500300122 \/ M500300122 \/ RAP500300122<\/p>","protected":false},"featured_media":0,"comment_status":"open","ping_status":"closed","template":"","meta":[],"_links":{"self":[{"href":"https:\/\/www.sams-industrie.fr\/en\/wp-json\/wp\/v2\/product\/8822"}],"collection":[{"href":"https:\/\/www.sams-industrie.fr\/en\/wp-json\/wp\/v2\/product"}],"about":[{"href":"https:\/\/www.sams-industrie.fr\/en\/wp-json\/wp\/v2\/types\/product"}],"replies":[{"embeddable":true,"href":"https:\/\/www.sams-industrie.fr\/en\/wp-json\/wp\/v2\/comments?post=8822"}],"wp:attachment":[{"href":"https:\/\/www.sams-industrie.fr\/en\/wp-json\/wp\/v2\/media?parent=8822"}],"curies":[{"name":"wp","href":"https:\/\/api.w.org\/{rel}","templated":true}]}}