{"id":8813,"date":"2025-01-24T09:31:53","date_gmt":"2025-01-24T08:31:53","guid":{"rendered":"https:\/\/www.sams-industrie.fr\/product\/refouleur-reference-500-302-004\/"},"modified":"2025-02-19T11:40:44","modified_gmt":"2025-02-19T10:40:44","slug":"refouleur-reference-500-302-004","status":"publish","type":"product","link":"https:\/\/www.sams-industrie.fr\/en\/product\/refouleur-reference-500-302-004\/","title":{"rendered":"Repressor<br> Reference 500-302-004"},"content":{"rendered":"","protected":false},"excerpt":{"rendered":"<p>RAPIDEX RAPIDLINE 16<br \/> R\u00e9f\u00e9rence constructeur : 500-302-004<br \/> R\u00e9f\u00e9rences \u00e9quivalentes : 500302004 \/ M500302004 \/ RAP500302004<\/p>","protected":false},"featured_media":0,"comment_status":"open","ping_status":"closed","template":"","meta":[],"_links":{"self":[{"href":"https:\/\/www.sams-industrie.fr\/en\/wp-json\/wp\/v2\/product\/8813"}],"collection":[{"href":"https:\/\/www.sams-industrie.fr\/en\/wp-json\/wp\/v2\/product"}],"about":[{"href":"https:\/\/www.sams-industrie.fr\/en\/wp-json\/wp\/v2\/types\/product"}],"replies":[{"embeddable":true,"href":"https:\/\/www.sams-industrie.fr\/en\/wp-json\/wp\/v2\/comments?post=8813"}],"wp:attachment":[{"href":"https:\/\/www.sams-industrie.fr\/en\/wp-json\/wp\/v2\/media?parent=8813"}],"curies":[{"name":"wp","href":"https:\/\/api.w.org\/{rel}","templated":true}]}}