{"id":8810,"date":"2025-01-24T09:31:51","date_gmt":"2025-01-24T08:31:51","guid":{"rendered":"https:\/\/www.sams-industrie.fr\/product\/rondelle-guide-reference-bab-0303-006\/"},"modified":"2025-02-19T11:40:42","modified_gmt":"2025-02-19T10:40:42","slug":"rondelle-guide-reference-bab-0303-006","status":"publish","type":"product","link":"https:\/\/www.sams-industrie.fr\/en\/product\/rondelle-guide-reference-bab-0303-006\/","title":{"rendered":"Guide washer<br> Reference BAB-0303-006"},"content":{"rendered":"","protected":false},"excerpt":{"rendered":"<p>RAPIDEX RAPIDLINE 16<br \/> R\u00e9f\u00e9rence constructeur : BAB-0303-006<br \/> R\u00e9f\u00e9rences \u00e9quivalentes : BAB0303006 \/ MBAB0303006 \/ RAPBAB0303006<\/p>","protected":false},"featured_media":0,"comment_status":"open","ping_status":"closed","template":"","meta":[],"_links":{"self":[{"href":"https:\/\/www.sams-industrie.fr\/en\/wp-json\/wp\/v2\/product\/8810"}],"collection":[{"href":"https:\/\/www.sams-industrie.fr\/en\/wp-json\/wp\/v2\/product"}],"about":[{"href":"https:\/\/www.sams-industrie.fr\/en\/wp-json\/wp\/v2\/types\/product"}],"replies":[{"embeddable":true,"href":"https:\/\/www.sams-industrie.fr\/en\/wp-json\/wp\/v2\/comments?post=8810"}],"wp:attachment":[{"href":"https:\/\/www.sams-industrie.fr\/en\/wp-json\/wp\/v2\/media?parent=8810"}],"curies":[{"name":"wp","href":"https:\/\/api.w.org\/{rel}","templated":true}]}}