{"id":8809,"date":"2025-01-24T09:31:50","date_gmt":"2025-01-24T08:31:50","guid":{"rendered":"https:\/\/www.sams-industrie.fr\/product\/rondelle-guide-reference-bab-0303-005\/"},"modified":"2025-02-19T11:40:41","modified_gmt":"2025-02-19T10:40:41","slug":"rondelle-guide-reference-bab-0303-005","status":"publish","type":"product","link":"https:\/\/www.sams-industrie.fr\/en\/product\/rondelle-guide-reference-bab-0303-005\/","title":{"rendered":"Guide washer<br> Reference BAB-0303-005"},"content":{"rendered":"","protected":false},"excerpt":{"rendered":"<p>RAPIDEX RAPIDLINE 16<br \/> R\u00e9f\u00e9rence constructeur : BAB-0303-005<br \/> R\u00e9f\u00e9rences \u00e9quivalentes : BAB0303005 \/ MBAB0303005 \/ RAPBAB0303005<\/p>","protected":false},"featured_media":0,"comment_status":"open","ping_status":"closed","template":"","meta":[],"_links":{"self":[{"href":"https:\/\/www.sams-industrie.fr\/en\/wp-json\/wp\/v2\/product\/8809"}],"collection":[{"href":"https:\/\/www.sams-industrie.fr\/en\/wp-json\/wp\/v2\/product"}],"about":[{"href":"https:\/\/www.sams-industrie.fr\/en\/wp-json\/wp\/v2\/types\/product"}],"replies":[{"embeddable":true,"href":"https:\/\/www.sams-industrie.fr\/en\/wp-json\/wp\/v2\/comments?post=8809"}],"wp:attachment":[{"href":"https:\/\/www.sams-industrie.fr\/en\/wp-json\/wp\/v2\/media?parent=8809"}],"curies":[{"name":"wp","href":"https:\/\/api.w.org\/{rel}","templated":true}]}}