{"id":8808,"date":"2025-01-24T09:31:49","date_gmt":"2025-01-24T08:31:49","guid":{"rendered":"https:\/\/www.sams-industrie.fr\/product\/clavette-reference-bab-0303-009\/"},"modified":"2025-02-19T11:40:40","modified_gmt":"2025-02-19T10:40:40","slug":"clavette-reference-bab-0303-009","status":"publish","type":"product","link":"https:\/\/www.sams-industrie.fr\/en\/product\/clavette-reference-bab-0303-009\/","title":{"rendered":"Key<br> Reference BAB-0303-009"},"content":{"rendered":"","protected":false},"excerpt":{"rendered":"<p>RAPIDEX RAPIDLINE 16<br \/> R\u00e9f\u00e9rence constructeur : BAB-0303-009<br \/> R\u00e9f\u00e9rences \u00e9quivalentes : BAB0303009 \/ MBAB0303009 \/ RAPBAB0303009<\/p>","protected":false},"featured_media":0,"comment_status":"open","ping_status":"closed","template":"","meta":[],"_links":{"self":[{"href":"https:\/\/www.sams-industrie.fr\/en\/wp-json\/wp\/v2\/product\/8808"}],"collection":[{"href":"https:\/\/www.sams-industrie.fr\/en\/wp-json\/wp\/v2\/product"}],"about":[{"href":"https:\/\/www.sams-industrie.fr\/en\/wp-json\/wp\/v2\/types\/product"}],"replies":[{"embeddable":true,"href":"https:\/\/www.sams-industrie.fr\/en\/wp-json\/wp\/v2\/comments?post=8808"}],"wp:attachment":[{"href":"https:\/\/www.sams-industrie.fr\/en\/wp-json\/wp\/v2\/media?parent=8808"}],"curies":[{"name":"wp","href":"https:\/\/api.w.org\/{rel}","templated":true}]}}