{"id":8807,"date":"2025-01-24T09:31:49","date_gmt":"2025-01-24T08:31:49","guid":{"rendered":"https:\/\/www.sams-industrie.fr\/product\/manchon-refouleur-reference-bbb-0303-007\/"},"modified":"2025-02-19T11:40:40","modified_gmt":"2025-02-19T10:40:40","slug":"manchon-refouleur-reference-bbb-0303-007","status":"publish","type":"product","link":"https:\/\/www.sams-industrie.fr\/en\/product\/manchon-refouleur-reference-bbb-0303-007\/","title":{"rendered":"Discharge sleeve<br> Reference BBB-0303-007"},"content":{"rendered":"","protected":false},"excerpt":{"rendered":"<p>RAPIDEX RAPIDLINE 16<br \/> R\u00e9f\u00e9rence constructeur : BBB-0303-007<br \/> R\u00e9f\u00e9rences \u00e9quivalentes : BBB0303007 \/ MBBB0303007 \/ RAPBBB0303007<\/p>","protected":false},"featured_media":0,"comment_status":"open","ping_status":"closed","template":"","meta":[],"_links":{"self":[{"href":"https:\/\/www.sams-industrie.fr\/en\/wp-json\/wp\/v2\/product\/8807"}],"collection":[{"href":"https:\/\/www.sams-industrie.fr\/en\/wp-json\/wp\/v2\/product"}],"about":[{"href":"https:\/\/www.sams-industrie.fr\/en\/wp-json\/wp\/v2\/types\/product"}],"replies":[{"embeddable":true,"href":"https:\/\/www.sams-industrie.fr\/en\/wp-json\/wp\/v2\/comments?post=8807"}],"wp:attachment":[{"href":"https:\/\/www.sams-industrie.fr\/en\/wp-json\/wp\/v2\/media?parent=8807"}],"curies":[{"name":"wp","href":"https:\/\/api.w.org\/{rel}","templated":true}]}}