{"id":8806,"date":"2025-01-24T09:31:48","date_gmt":"2025-01-24T08:31:48","guid":{"rendered":"https:\/\/www.sams-industrie.fr\/product\/manchon-refouleur-reference-bbb-0303-004\/"},"modified":"2025-02-19T11:40:39","modified_gmt":"2025-02-19T10:40:39","slug":"manchon-refouleur-reference-bbb-0303-004","status":"publish","type":"product","link":"https:\/\/www.sams-industrie.fr\/en\/product\/manchon-refouleur-reference-bbb-0303-004\/","title":{"rendered":"Discharge sleeve<br> Reference BBB-0303-004"},"content":{"rendered":"","protected":false},"excerpt":{"rendered":"<p>RAPIDEX RAPIDLINE 16<br \/> R\u00e9f\u00e9rence constructeur : BBB-0303-004<br \/> R\u00e9f\u00e9rences \u00e9quivalentes : BBB0303004 \/ MBBB0303004 \/ RAPBBB0303004<\/p>","protected":false},"featured_media":0,"comment_status":"open","ping_status":"closed","template":"","meta":[],"_links":{"self":[{"href":"https:\/\/www.sams-industrie.fr\/en\/wp-json\/wp\/v2\/product\/8806"}],"collection":[{"href":"https:\/\/www.sams-industrie.fr\/en\/wp-json\/wp\/v2\/product"}],"about":[{"href":"https:\/\/www.sams-industrie.fr\/en\/wp-json\/wp\/v2\/types\/product"}],"replies":[{"embeddable":true,"href":"https:\/\/www.sams-industrie.fr\/en\/wp-json\/wp\/v2\/comments?post=8806"}],"wp:attachment":[{"href":"https:\/\/www.sams-industrie.fr\/en\/wp-json\/wp\/v2\/media?parent=8806"}],"curies":[{"name":"wp","href":"https:\/\/api.w.org\/{rel}","templated":true}]}}