{"id":8804,"date":"2025-01-24T09:31:47","date_gmt":"2025-01-24T08:31:47","guid":{"rendered":"https:\/\/www.sams-industrie.fr\/product\/manchon-refouleur-central-reference-bbb-0304-004\/"},"modified":"2025-02-19T11:40:38","modified_gmt":"2025-02-19T10:40:38","slug":"manchon-refouleur-central-reference-bbb-0304-004","status":"publish","type":"product","link":"https:\/\/www.sams-industrie.fr\/en\/product\/manchon-refouleur-central-reference-bbb-0304-004\/","title":{"rendered":"Central discharge sleeve<br> Reference BBB-0304-004"},"content":{"rendered":"","protected":false},"excerpt":{"rendered":"<p>RAPIDEX RAPIDLINE 16<br \/> R\u00e9f\u00e9rence constructeur : BBB-0304-004<br \/> R\u00e9f\u00e9rences \u00e9quivalentes : BBB0304004 \/ MBBB0304004 \/ RAPBBB0304004<\/p>","protected":false},"featured_media":0,"comment_status":"open","ping_status":"closed","template":"","meta":[],"_links":{"self":[{"href":"https:\/\/www.sams-industrie.fr\/en\/wp-json\/wp\/v2\/product\/8804"}],"collection":[{"href":"https:\/\/www.sams-industrie.fr\/en\/wp-json\/wp\/v2\/product"}],"about":[{"href":"https:\/\/www.sams-industrie.fr\/en\/wp-json\/wp\/v2\/types\/product"}],"replies":[{"embeddable":true,"href":"https:\/\/www.sams-industrie.fr\/en\/wp-json\/wp\/v2\/comments?post=8804"}],"wp:attachment":[{"href":"https:\/\/www.sams-industrie.fr\/en\/wp-json\/wp\/v2\/media?parent=8804"}],"curies":[{"name":"wp","href":"https:\/\/api.w.org\/{rel}","templated":true}]}}