{"id":8803,"date":"2025-01-24T09:31:46","date_gmt":"2025-01-24T08:31:46","guid":{"rendered":"https:\/\/www.sams-industrie.fr\/product\/couronne-mobile-reference-500-300-307\/"},"modified":"2025-02-19T11:40:37","modified_gmt":"2025-02-19T10:40:37","slug":"couronne-mobile-reference-500-300-307","status":"publish","type":"product","link":"https:\/\/www.sams-industrie.fr\/en\/product\/couronne-mobile-reference-500-300-307\/","title":{"rendered":"Mobile crown<br> Reference 500-300-307"},"content":{"rendered":"","protected":false},"excerpt":{"rendered":"<p>RAPIDEX RAPIDLINE 16<br \/> R\u00e9f\u00e9rence constructeur : 500-300-307<br \/> R\u00e9f\u00e9rences \u00e9quivalentes : 500300307 \/ M500300307 \/ RAP500300307<\/p>","protected":false},"featured_media":0,"comment_status":"open","ping_status":"closed","template":"","meta":[],"_links":{"self":[{"href":"https:\/\/www.sams-industrie.fr\/en\/wp-json\/wp\/v2\/product\/8803"}],"collection":[{"href":"https:\/\/www.sams-industrie.fr\/en\/wp-json\/wp\/v2\/product"}],"about":[{"href":"https:\/\/www.sams-industrie.fr\/en\/wp-json\/wp\/v2\/types\/product"}],"replies":[{"embeddable":true,"href":"https:\/\/www.sams-industrie.fr\/en\/wp-json\/wp\/v2\/comments?post=8803"}],"wp:attachment":[{"href":"https:\/\/www.sams-industrie.fr\/en\/wp-json\/wp\/v2\/media?parent=8803"}],"curies":[{"name":"wp","href":"https:\/\/api.w.org\/{rel}","templated":true}]}}