{"id":8794,"date":"2025-01-24T09:31:42","date_gmt":"2025-01-24T08:31:42","guid":{"rendered":"https:\/\/www.sams-industrie.fr\/product\/levier-fixe-reference-500-300-153-3\/"},"modified":"2025-10-14T14:06:25","modified_gmt":"2025-10-14T12:06:25","slug":"levier-fixe-reference-500-300-153-3","status":"publish","type":"product","link":"https:\/\/www.sams-industrie.fr\/en\/product\/levier-fixe-reference-500-300-153-3\/","title":{"rendered":"Fixed lever<br> Reference 500-300-153"},"content":{"rendered":"","protected":false},"excerpt":{"rendered":"<p>RAPIDEX RAPIDLINE 16<br \/>\nR\u00e9f\u00e9rence constructeur : 500-300-153<br \/>\nR\u00e9f\u00e9rences \u00e9quivalentes : 500300153 \/ M500300153 \/ RAP500300153<\/p>","protected":false},"featured_media":11562,"comment_status":"open","ping_status":"closed","template":"","meta":[],"_links":{"self":[{"href":"https:\/\/www.sams-industrie.fr\/en\/wp-json\/wp\/v2\/product\/8794"}],"collection":[{"href":"https:\/\/www.sams-industrie.fr\/en\/wp-json\/wp\/v2\/product"}],"about":[{"href":"https:\/\/www.sams-industrie.fr\/en\/wp-json\/wp\/v2\/types\/product"}],"replies":[{"embeddable":true,"href":"https:\/\/www.sams-industrie.fr\/en\/wp-json\/wp\/v2\/comments?post=8794"}],"wp:featuredmedia":[{"embeddable":true,"href":"https:\/\/www.sams-industrie.fr\/en\/wp-json\/wp\/v2\/media\/11562"}],"wp:attachment":[{"href":"https:\/\/www.sams-industrie.fr\/en\/wp-json\/wp\/v2\/media?parent=8794"}],"curies":[{"name":"wp","href":"https:\/\/api.w.org\/{rel}","templated":true}]}}