{"id":8793,"date":"2025-01-24T09:31:41","date_gmt":"2025-01-24T08:31:41","guid":{"rendered":"https:\/\/www.sams-industrie.fr\/product\/levier-fixe-reference-500-300-153-2\/"},"modified":"2025-02-19T11:40:30","modified_gmt":"2025-02-19T10:40:30","slug":"levier-fixe-reference-500-300-153-2","status":"publish","type":"product","link":"https:\/\/www.sams-industrie.fr\/en\/product\/levier-fixe-reference-500-300-153-2\/","title":{"rendered":"Fixed lever<br> Reference 500-300-153"},"content":{"rendered":"","protected":false},"excerpt":{"rendered":"<p>RAPIDEX RAPIDLINE 16<br \/> R\u00e9f\u00e9rence constructeur : 500-300-153<br \/> R\u00e9f\u00e9rences \u00e9quivalentes : 500300153 \/ M500300153 \/ RAP500300153<\/p>","protected":false},"featured_media":0,"comment_status":"open","ping_status":"closed","template":"","meta":[],"_links":{"self":[{"href":"https:\/\/www.sams-industrie.fr\/en\/wp-json\/wp\/v2\/product\/8793"}],"collection":[{"href":"https:\/\/www.sams-industrie.fr\/en\/wp-json\/wp\/v2\/product"}],"about":[{"href":"https:\/\/www.sams-industrie.fr\/en\/wp-json\/wp\/v2\/types\/product"}],"replies":[{"embeddable":true,"href":"https:\/\/www.sams-industrie.fr\/en\/wp-json\/wp\/v2\/comments?post=8793"}],"wp:attachment":[{"href":"https:\/\/www.sams-industrie.fr\/en\/wp-json\/wp\/v2\/media?parent=8793"}],"curies":[{"name":"wp","href":"https:\/\/api.w.org\/{rel}","templated":true}]}}