{"id":8792,"date":"2025-01-24T09:31:41","date_gmt":"2025-01-24T08:31:41","guid":{"rendered":"https:\/\/www.sams-industrie.fr\/product\/levier-mobile-reference-500-300-154-3\/"},"modified":"2025-10-14T14:05:40","modified_gmt":"2025-10-14T12:05:40","slug":"levier-mobile-reference-500-300-154-3","status":"publish","type":"product","link":"https:\/\/www.sams-industrie.fr\/en\/product\/levier-mobile-reference-500-300-154-3\/","title":{"rendered":"Movable lever<br> Reference 500-300-154"},"content":{"rendered":"","protected":false},"excerpt":{"rendered":"<p>RAPIDEX RAPIDLINE 16<br \/>\nR\u00e9f\u00e9rence constructeur : 500-300-154<br \/>\nR\u00e9f\u00e9rences \u00e9quivalentes : 500300154 \/ M500300154 \/ RAP500300154<\/p>","protected":false},"featured_media":11561,"comment_status":"open","ping_status":"closed","template":"","meta":[],"_links":{"self":[{"href":"https:\/\/www.sams-industrie.fr\/en\/wp-json\/wp\/v2\/product\/8792"}],"collection":[{"href":"https:\/\/www.sams-industrie.fr\/en\/wp-json\/wp\/v2\/product"}],"about":[{"href":"https:\/\/www.sams-industrie.fr\/en\/wp-json\/wp\/v2\/types\/product"}],"replies":[{"embeddable":true,"href":"https:\/\/www.sams-industrie.fr\/en\/wp-json\/wp\/v2\/comments?post=8792"}],"wp:featuredmedia":[{"embeddable":true,"href":"https:\/\/www.sams-industrie.fr\/en\/wp-json\/wp\/v2\/media\/11561"}],"wp:attachment":[{"href":"https:\/\/www.sams-industrie.fr\/en\/wp-json\/wp\/v2\/media?parent=8792"}],"curies":[{"name":"wp","href":"https:\/\/api.w.org\/{rel}","templated":true}]}}